{"id":18687,"date":"2020-07-09T09:20:56","date_gmt":"2020-07-09T09:20:56","guid":{"rendered":"https:\/\/www.zonesecurity.no\/update-me\/?page_id=18687"},"modified":"2021-12-06T23:48:06","modified_gmt":"2021-12-06T22:48:06","slug":"vare-tjenester","status":"publish","type":"page","link":"https:\/\/www.zonesecurity.no\/update-me\/vare-tjenester\/","title":{"rendered":"V\u00e5re tjenester"},"content":{"rendered":"[vc_row css=&#8221;.vc_custom_1633429227959{padding-top: 40px !important;padding-bottom: 0px !important;}&#8221; el_class=&#8221;services&#8221;][vc_column css=&#8221;.vc_custom_1594126962319{padding-top: 0px !important;}&#8221;][vc_custom_heading text=&#8221;V\u00e5re tjenester&#8221; font_container=&#8221;tag:h2|text_align:center&#8221; use_theme_fonts=&#8221;yes&#8221; css=&#8221;.vc_custom_1594126894810{margin-bottom: 4px !important;}&#8221;][vc_separator color=&#8221;custom&#8221; border_width=&#8221;3&#8243; el_width=&#8221;20&#8243; accent_color=&#8221;#101e43&#8243;][\/vc_column][\/vc_row][vc_row el_class=&#8221;two-services-column&#8221; css=&#8221;.vc_custom_1634036781194{padding-top: 0px !important;padding-bottom: 0px !important;}&#8221;][vc_column][vc_row_inner][vc_column_inner width=&#8221;1\/2&#8243;][vc_single_image image=&#8221;19047&#8243; img_size=&#8221;large&#8221; alignment=&#8221;center&#8221; css_animation=&#8221;fadeIn&#8221; css=&#8221;.vc_custom_1634040860745{border-radius: 4px !important;}&#8221;][vc_column_text css_animation=&#8221;fadeIn&#8221;]\r\n<h3 style=\"text-align: center;\">Vektertjenester<\/h3>\r\n<p style=\"text-align: center;\">Zone security sikrer eiendom, omd\u00f8mme og drift. V\u00e5re vektere og ansatte s\u00f8rger for at kundens sikkerhetsanlegg betjenes profesjonelt og vi bes\u00f8rger behovsrelatert assistanse.<\/p>\r\n[\/vc_column_text]<div class=\" ubtn-ctn-center mbl-btn\"><a class=\"ubtn-link ult-adjust-bottom-margin ubtn-center ubtn-normal mbl-btn\" href=\"https:\/\/www.zonesecurity.no\/update-me\/vektertjenester\/\" title=\"Vektertjenester\" ><button type=\"button\" id=\"ubtn-8972\"  class=\"ubtn ult-adjust-bottom-margin ult-responsive ubtn-normal ubtn-top-bg  ulta-grow  ubtn-center   tooltip-69d294e358bcb\"  data-hover=\"#ffffff\" data-border-color=\"\" data-bg=\"#f36e41\" data-hover-bg=\"#101e43\" data-border-hover=\"\" data-shadow-hover=\"\" data-shadow-click=\"none\" data-shadow=\"\" data-shd-shadow=\"\"  data-ultimate-target='#ubtn-8972'  data-responsive-json-new='{\"font-size\":\"desktop:18px;\",\"line-height\":\"\"}'  style=\"font-weight:normal;border:none;background: #f36e41;color: #ffffff;\"><span class=\"ubtn-hover\" style=\"background-color:#101e43\"><\/span><span class=\"ubtn-data ubtn-text \" >LES MER<\/span><\/button><\/a><\/div>[\/vc_column_inner][vc_column_inner width=&#8221;1\/2&#8243;][vc_single_image image=&#8221;19341&#8243; img_size=&#8221;large&#8221; alignment=&#8221;center&#8221; css_animation=&#8221;fadeIn&#8221; css=&#8221;.vc_custom_1636456378987{border-radius: 4px !important;}&#8221;][vc_column_text css_animation=&#8221;fadeIn&#8221;]\r\n<h3 style=\"text-align: center;\">Resepsjonstjenester<\/h3>\r\n<p style=\"text-align: center;\">V\u00e5re vektere i resepsjon setter sikkerhet f\u00f8rst. Zone Security kan hjelpe med adgangskontroll inn- og ut registrering av bes\u00f8kende, alarmmottak, besvare telefoner og mottak av brev og pakker.<\/p>\r\n[\/vc_column_text]<div class=\" ubtn-ctn-center mbl-btn\"><a class=\"ubtn-link ult-adjust-bottom-margin ubtn-center ubtn-normal mbl-btn\" href=\"https:\/\/www.zonesecurity.no\/update-me\/resepsjonstjenester\/\" title=\"Prosjektledelse\" ><button type=\"button\" id=\"ubtn-8252\"  class=\"ubtn ult-adjust-bottom-margin ult-responsive ubtn-normal ubtn-top-bg  ulta-grow  ubtn-center   tooltip-69d294e358c2f\"  data-hover=\"#ffffff\" data-border-color=\"\" data-bg=\"#f36e41\" data-hover-bg=\"#101e43\" data-border-hover=\"\" data-shadow-hover=\"\" data-shadow-click=\"none\" data-shadow=\"\" data-shd-shadow=\"\"  data-ultimate-target='#ubtn-8252'  data-responsive-json-new='{\"font-size\":\"desktop:18px;\",\"line-height\":\"\"}'  style=\"font-weight:normal;border:none;background: #f36e41;color: #ffffff;\"><span class=\"ubtn-hover\" style=\"background-color:#101e43\"><\/span><span class=\"ubtn-data ubtn-text \" >LES MER<\/span><\/button><\/a><\/div>[\/vc_column_inner][\/vc_row_inner][\/vc_column][\/vc_row][vc_row el_class=&#8221;two-services-column&#8221; css=&#8221;.vc_custom_1634038072988{padding-top: 0px !important;padding-bottom: 0px !important;}&#8221;][vc_column][vc_row_inner][vc_column_inner width=&#8221;1\/2&#8243;][vc_single_image image=&#8221;19345&#8243; img_size=&#8221;large&#8221; alignment=&#8221;center&#8221; css_animation=&#8221;fadeIn&#8221; css=&#8221;.vc_custom_1636456471303{border-radius: 4px !important;}&#8221;][vc_column_text css_animation=&#8221;fadeIn&#8221;]\r\n<h3 style=\"text-align: center;\">Omr\u00e5dekontroll<\/h3>\r\n<p style=\"text-align: center;\">V\u00e5re vektere er deres representant og skal s\u00f8rge for trygghet for alle i det gitte omr\u00e5det. V\u00e5re ansatte er kurset i HMS og konflikth\u00e5ndtering og skal s\u00f8rge for at alle som er i omr\u00e5de skal f\u00e5 trygghet.<\/p>\r\n[\/vc_column_text]<div class=\" ubtn-ctn-center mbl-btn\"><a class=\"ubtn-link ult-adjust-bottom-margin ubtn-center ubtn-normal mbl-btn\" href=\"https:\/\/www.zonesecurity.no\/update-me\/omradekontroll\/\" title=\"Prosjektledelse\" ><button type=\"button\" id=\"ubtn-5120\"  class=\"ubtn ult-adjust-bottom-margin ult-responsive ubtn-normal ubtn-top-bg  ulta-grow  ubtn-center   tooltip-69d294e358c5d\"  data-hover=\"#ffffff\" data-border-color=\"\" data-bg=\"#f36e41\" data-hover-bg=\"#101e43\" data-border-hover=\"\" data-shadow-hover=\"\" data-shadow-click=\"none\" data-shadow=\"\" data-shd-shadow=\"\"  data-ultimate-target='#ubtn-5120'  data-responsive-json-new='{\"font-size\":\"desktop:18px;\",\"line-height\":\"\"}'  style=\"font-weight:normal;border:none;background: #f36e41;color: #ffffff;\"><span class=\"ubtn-hover\" style=\"background-color:#101e43\"><\/span><span class=\"ubtn-data ubtn-text \" >LES MER<\/span><\/button><\/a><\/div>[\/vc_column_inner][vc_column_inner width=&#8221;1\/2&#8243;][vc_single_image image=&#8221;19348&#8243; img_size=&#8221;large&#8221; alignment=&#8221;center&#8221; css_animation=&#8221;fadeIn&#8221; css=&#8221;.vc_custom_1636549965142{border-radius: 4px !important;}&#8221;][vc_column_text css_animation=&#8221;fadeIn&#8221;]\r\n<h3 style=\"text-align: center;\">Byggvakthold<\/h3>\r\nV\u00e5re vektere skal bidra til en trygg arbeidsplass p\u00e5 din byggeplass. Vi skal forebygge og forhindre u\u00f8nskede hendelser, innbrudd og h\u00e6rverk p\u00e5 din byggeplass.[\/vc_column_text]<div class=\" ubtn-ctn-center mbl-btn\"><a class=\"ubtn-link ult-adjust-bottom-margin ubtn-center ubtn-normal mbl-btn\" href=\"https:\/\/www.zonesecurity.no\/update-me\/byggvakthold\/\" title=\"Ordensvakttjeneste\" ><button type=\"button\" id=\"ubtn-2509\"  class=\"ubtn ult-adjust-bottom-margin ult-responsive ubtn-normal ubtn-top-bg  ulta-grow  ubtn-center   tooltip-69d294e358c8b\"  data-hover=\"#ffffff\" data-border-color=\"\" data-bg=\"#f36e41\" data-hover-bg=\"#101e43\" data-border-hover=\"\" data-shadow-hover=\"\" data-shadow-click=\"none\" data-shadow=\"\" data-shd-shadow=\"\"  data-ultimate-target='#ubtn-2509'  data-responsive-json-new='{\"font-size\":\"desktop:18px;\",\"line-height\":\"\"}'  style=\"font-weight:normal;border:none;background: #f36e41;color: #ffffff;\"><span class=\"ubtn-hover\" style=\"background-color:#101e43\"><\/span><span class=\"ubtn-data ubtn-text \" >LES MER<\/span><\/button><\/a><\/div>[\/vc_column_inner][\/vc_row_inner][\/vc_column][\/vc_row][vc_row el_class=&#8221;two-services-column&#8221; css=&#8221;.vc_custom_1634038072988{padding-top: 0px !important;padding-bottom: 0px !important;}&#8221;][vc_column][vc_row_inner][vc_column_inner width=&#8221;1\/2&#8243;][vc_single_image image=&#8221;19013&#8243; img_size=&#8221;large&#8221; alignment=&#8221;center&#8221; css_animation=&#8221;fadeIn&#8221; css=&#8221;.vc_custom_1636548058529{border-radius: 4px !important;}&#8221;][vc_column_text css_animation=&#8221;fadeIn&#8221;]\r\n<h3 style=\"text-align: center;\">Ordensvakttjenester<\/h3>\r\n<p style=\"text-align: center;\">V\u00e5re ordensvakter er den f\u00f8rste dine gjester m\u00f8ter n\u00e5r de kommer og den siste de m\u00f8ter n\u00e5r de drar, v\u00e5re ordensvakter har fokus p\u00e5 service samtidig som de overholder regler for skjenking.<\/p>\r\n[\/vc_column_text]<div class=\" ubtn-ctn-center mbl-btn\"><a class=\"ubtn-link ult-adjust-bottom-margin ubtn-center ubtn-normal mbl-btn\" href=\"https:\/\/www.zonesecurity.no\/update-me\/ordensvakttjeneste\/\" title=\"Ordensvakttjeneste\" ><button type=\"button\" id=\"ubtn-7938\"  class=\"ubtn ult-adjust-bottom-margin ult-responsive ubtn-normal ubtn-top-bg  ulta-grow  ubtn-center   tooltip-69d294e358cb2\"  data-hover=\"#ffffff\" data-border-color=\"\" data-bg=\"#f36e41\" data-hover-bg=\"#101e43\" data-border-hover=\"\" data-shadow-hover=\"\" data-shadow-click=\"none\" data-shadow=\"\" data-shd-shadow=\"\"  data-ultimate-target='#ubtn-7938'  data-responsive-json-new='{\"font-size\":\"desktop:18px;\",\"line-height\":\"\"}'  style=\"font-weight:normal;border:none;background: #f36e41;color: #ffffff;\"><span class=\"ubtn-hover\" style=\"background-color:#101e43\"><\/span><span class=\"ubtn-data ubtn-text \" >LES MER<\/span><\/button><\/a><\/div>[\/vc_column_inner][vc_column_inner width=&#8221;1\/2&#8243;][vc_single_image image=&#8221;19029&#8243; img_size=&#8221;large&#8221; alignment=&#8221;center&#8221; css_animation=&#8221;fadeIn&#8221; css=&#8221;.vc_custom_1634037490834{border-radius: 4px !important;}&#8221;][vc_column_text css_animation=&#8221;fadeIn&#8221;]\r\n<h3 style=\"text-align: center;\">Arrangement<\/h3>\r\n<p style=\"text-align: center;\">Vi s\u00f8rger for at b\u00e5de publikum og arrang\u00f8r f\u00e5r positiv og minneverdig opplevelse. Vi sikrer alt fra store konserter og festivaler til messer og firmafester og kan bist\u00e5 deg med planverk, vektertjenester og utstyr.<\/p>\r\n[\/vc_column_text]<div class=\" ubtn-ctn-center mbl-btn\"><a class=\"ubtn-link ult-adjust-bottom-margin ubtn-center ubtn-normal mbl-btn\" href=\"https:\/\/www.zonesecurity.no\/update-me\/arrangement\/\" title=\"Arrangement\" ><button type=\"button\" id=\"ubtn-1390\"  class=\"ubtn ult-adjust-bottom-margin ult-responsive ubtn-normal ubtn-top-bg  ulta-grow  ubtn-center   tooltip-69d294e358cd9\"  data-hover=\"#ffffff\" data-border-color=\"\" data-bg=\"#f36e41\" data-hover-bg=\"#101e43\" data-border-hover=\"\" data-shadow-hover=\"\" data-shadow-click=\"none\" data-shadow=\"\" data-shd-shadow=\"\"  data-ultimate-target='#ubtn-1390'  data-responsive-json-new='{\"font-size\":\"desktop:18px;\",\"line-height\":\"\"}'  style=\"font-weight:normal;border:none;background: #f36e41;color: #ffffff;\"><span class=\"ubtn-hover\" style=\"background-color:#101e43\"><\/span><span class=\"ubtn-data ubtn-text \" >LES MER<\/span><\/button><\/a><\/div>[\/vc_column_inner][\/vc_row_inner][\/vc_column][\/vc_row][vc_row el_class=&#8221;two-services-column&#8221; css=&#8221;.vc_custom_1634038072988{padding-top: 0px !important;padding-bottom: 0px !important;}&#8221;][vc_column][vc_row_inner][vc_column_inner width=&#8221;1\/2&#8243;][vc_single_image image=&#8221;19151&#8243; img_size=&#8221;large&#8221; alignment=&#8221;center&#8221; css_animation=&#8221;fadeIn&#8221; css=&#8221;.vc_custom_1636548109677{border-radius: 4px !important;}&#8221;][vc_column_text css_animation=&#8221;fadeIn&#8221;]\r\n<h3 style=\"text-align: center;\">Adgangskontroll<\/h3>\r\n<p style=\"text-align: center;\">N\u00e5r Zone security er engasjert som sikkerhetsansvarlig for mennesker og gjenstander innenfor et omr\u00e5de, skal alle ber\u00f8rte parter vite at disse er i trygge hender. Sikkerhet overlates ikke til tilfeldighetene.<\/p>\r\n[\/vc_column_text]<div class=\" ubtn-ctn-center mbl-btn\"><a class=\"ubtn-link ult-adjust-bottom-margin ubtn-center ubtn-normal mbl-btn\" href=\"https:\/\/www.zonesecurity.no\/update-me\/adgangskontroll\/\" title=\"Sikkerhetskontroll\" ><button type=\"button\" id=\"ubtn-8462\"  class=\"ubtn ult-adjust-bottom-margin ult-responsive ubtn-normal ubtn-top-bg  ulta-grow  ubtn-center   tooltip-69d294e358cfd\"  data-hover=\"#ffffff\" data-border-color=\"\" data-bg=\"#f36e41\" data-hover-bg=\"#101e43\" data-border-hover=\"\" data-shadow-hover=\"\" data-shadow-click=\"none\" data-shadow=\"\" data-shd-shadow=\"\"  data-ultimate-target='#ubtn-8462'  data-responsive-json-new='{\"font-size\":\"desktop:18px;\",\"line-height\":\"\"}'  style=\"font-weight:normal;border:none;background: #f36e41;color: #ffffff;\"><span class=\"ubtn-hover\" style=\"background-color:#101e43\"><\/span><span class=\"ubtn-data ubtn-text \" >LES MER<\/span><\/button><\/a><\/div>[\/vc_column_inner][vc_column_inner width=&#8221;1\/2&#8243;][vc_single_image image=&#8221;19015&#8243; img_size=&#8221;large&#8221; alignment=&#8221;center&#8221; css_animation=&#8221;fadeIn&#8221; css=&#8221;.vc_custom_1636548136545{border-radius: 4px !important;}&#8221;][vc_column_text css_animation=&#8221;fadeIn&#8221;]\r\n<h3 style=\"text-align: center;\">Sikkerhetskontroll<\/h3>\r\nZone Security leverer vektere som har oppl\u00e6ring innen sikkerhetskontroll og r\u00f8ntgenoperat\u00f8rer til private og offentlige akt\u00f8rer. Med v\u00e5re kontroll\u00f8rer p\u00e5 jobb vil dine gjester og bes\u00f8kende bli ivaretatt.[\/vc_column_text]<div class=\" ubtn-ctn-center mbl-btn\"><a class=\"ubtn-link ult-adjust-bottom-margin ubtn-center ubtn-normal mbl-btn\" href=\"https:\/\/www.zonesecurity.no\/update-me\/sikkerhetskontroll\/\" title=\"Sikkerhetskontroll\" ><button type=\"button\" id=\"ubtn-7511\"  class=\"ubtn ult-adjust-bottom-margin ult-responsive ubtn-normal ubtn-top-bg  ulta-grow  ubtn-center   tooltip-69d294e358d21\"  data-hover=\"#ffffff\" data-border-color=\"\" data-bg=\"#f36e41\" data-hover-bg=\"#101e43\" data-border-hover=\"\" data-shadow-hover=\"\" data-shadow-click=\"none\" data-shadow=\"\" data-shd-shadow=\"\"  data-ultimate-target='#ubtn-7511'  data-responsive-json-new='{\"font-size\":\"desktop:18px;\",\"line-height\":\"\"}'  style=\"font-weight:normal;border:none;background: #f36e41;color: #ffffff;\"><span class=\"ubtn-hover\" style=\"background-color:#101e43\"><\/span><span class=\"ubtn-data ubtn-text \" >LES MER<\/span><\/button><\/a><\/div>[\/vc_column_inner][\/vc_row_inner][\/vc_column][\/vc_row][vc_row el_class=&#8221;two-services-column&#8221; css=&#8221;.vc_custom_1634038072988{padding-top: 0px !important;padding-bottom: 0px !important;}&#8221;][vc_column][vc_row_inner][vc_column_inner width=&#8221;1\/2&#8243;][vc_single_image image=&#8221;19064&#8243; img_size=&#8221;large&#8221; alignment=&#8221;center&#8221; css_animation=&#8221;fadeIn&#8221; css=&#8221;.vc_custom_1634048574921{border-radius: 4px !important;}&#8221;][vc_column_text css_animation=&#8221;fadeIn&#8221;]\r\n<h3 style=\"text-align: center;\">Prosjektledelse<\/h3>\r\n<p style=\"text-align: center;\">Gjennom god prosjektledelse sikrer vi at store begivenheter gjennomf\u00f8res innenfor trygge rammer.<\/p>\r\n[\/vc_column_text]<div class=\" ubtn-ctn-center mbl-btn\"><a class=\"ubtn-link ult-adjust-bottom-margin ubtn-center ubtn-normal mbl-btn\" href=\"https:\/\/www.zonesecurity.no\/update-me\/prosjektledelse\/\" title=\"Prosjektledelse\" ><button type=\"button\" id=\"ubtn-1093\"  class=\"ubtn ult-adjust-bottom-margin ult-responsive ubtn-normal ubtn-top-bg  ulta-grow  ubtn-center   tooltip-69d294e358d46\"  data-hover=\"#ffffff\" data-border-color=\"\" data-bg=\"#f36e41\" data-hover-bg=\"#101e43\" data-border-hover=\"\" data-shadow-hover=\"\" data-shadow-click=\"none\" data-shadow=\"\" data-shd-shadow=\"\"  data-ultimate-target='#ubtn-1093'  data-responsive-json-new='{\"font-size\":\"desktop:18px;\",\"line-height\":\"\"}'  style=\"font-weight:normal;border:none;background: #f36e41;color: #ffffff;\"><span class=\"ubtn-hover\" style=\"background-color:#101e43\"><\/span><span class=\"ubtn-data ubtn-text \" >LES MER<\/span><\/button><\/a><\/div>[\/vc_column_inner][vc_column_inner width=&#8221;1\/2&#8243;][vc_single_image image=&#8221;19061&#8243; img_size=&#8221;large&#8221; alignment=&#8221;center&#8221; css_animation=&#8221;fadeIn&#8221; css=&#8221;.vc_custom_1634046913525{border-radius: 4px !important;}&#8221;][vc_column_text css_animation=&#8221;fadeIn&#8221;]\r\n<h3 style=\"text-align: center;\">Transport<\/h3>\r\n<p style=\"text-align: center;\">For \u00e5 sikre b\u00e5de publikum og arrang\u00f8r best mulig helhetsopplevelse av et arrangement frakter vi publikum trygt til og fra arrangementet.<\/p>\r\n[\/vc_column_text]<div class=\" ubtn-ctn-center mbl-btn\"><a class=\"ubtn-link ult-adjust-bottom-margin ubtn-center ubtn-normal mbl-btn\" href=\"https:\/\/www.zonesecurity.no\/update-me\/transport\/\" title=\"Transport\" ><button type=\"button\" id=\"ubtn-9022\"  class=\"ubtn ult-adjust-bottom-margin ult-responsive ubtn-normal ubtn-top-bg  ulta-grow  ubtn-center   tooltip-69d294e358d69\"  data-hover=\"#ffffff\" data-border-color=\"\" data-bg=\"#f36e41\" data-hover-bg=\"#101e43\" data-border-hover=\"\" data-shadow-hover=\"\" data-shadow-click=\"none\" data-shadow=\"\" data-shd-shadow=\"\"  data-ultimate-target='#ubtn-9022'  data-responsive-json-new='{\"font-size\":\"desktop:18px;\",\"line-height\":\"\"}'  style=\"font-weight:normal;border:none;background: #f36e41;color: #ffffff;\"><span class=\"ubtn-hover\" style=\"background-color:#101e43\"><\/span><span class=\"ubtn-data ubtn-text \" >LES MER<\/span><\/button><\/a><\/div>[\/vc_column_inner][\/vc_row_inner][\/vc_column][\/vc_row]","protected":false},"excerpt":{"rendered":"<p>[vc_row css=&#8221;.vc_custom_1633429227959{padding-top: 40px !important;padding-bottom: 0px !important;}&#8221; el_class=&#8221;services&#8221;][vc_column css=&#8221;.vc_custom_1594126962319{padding-top: 0px !important;}&#8221;][vc_custom_heading text=&#8221;V\u00e5re tjenester&#8221; font_container=&#8221;tag:h2|text_align:center&#8221; use_theme_fonts=&#8221;yes&#8221; css=&#8221;.vc_custom_1594126894810{margin-bottom: 4px !important;}&#8221;][vc_separator color=&#8221;custom&#8221; border_width=&#8221;3&#8243; el_width=&#8221;20&#8243;&#8230;<\/p>\n","protected":false},"author":1,"featured_media":0,"parent":0,"menu_order":0,"comment_status":"closed","ping_status":"closed","template":"","meta":[],"yoast_head":"<!-- This site is optimized with the Yoast SEO plugin v17.7.1 - https:\/\/yoast.com\/wordpress\/plugins\/seo\/ -->\n<title>V\u00e5re tjenester - Zone Security<\/title>\n<meta name=\"robots\" content=\"index, follow, max-snippet:-1, max-image-preview:large, max-video-preview:-1\" \/>\n<link rel=\"canonical\" href=\"https:\/\/www.zonesecurity.no\/update-me\/vare-tjenester\/\" \/>\n<meta property=\"og:locale\" content=\"en_US\" \/>\n<meta property=\"og:type\" content=\"article\" \/>\n<meta property=\"og:title\" content=\"V\u00e5re tjenester - Zone Security\" \/>\n<meta property=\"og:description\" content=\"[vc_row css=&#8221;.vc_custom_1633429227959{padding-top: 40px !important;padding-bottom: 0px !important;}&#8221; el_class=&#8221;services&#8221;][vc_column css=&#8221;.vc_custom_1594126962319{padding-top: 0px !important;}&#8221;][vc_custom_heading text=&#8221;V\u00e5re tjenester&#8221; font_container=&#8221;tag:h2|text_align:center&#8221; use_theme_fonts=&#8221;yes&#8221; css=&#8221;.vc_custom_1594126894810{margin-bottom: 4px !important;}&#8221;][vc_separator color=&#8221;custom&#8221; border_width=&#8221;3&#8243; el_width=&#8221;20&#8243;...\" \/>\n<meta property=\"og:url\" content=\"https:\/\/www.zonesecurity.no\/update-me\/vare-tjenester\/\" \/>\n<meta property=\"og:site_name\" content=\"Zone Security\" \/>\n<meta property=\"article:modified_time\" content=\"2021-12-06T22:48:06+00:00\" \/>\n<meta name=\"twitter:card\" content=\"summary_large_image\" \/>\n<meta name=\"twitter:label1\" content=\"Est. reading time\" \/>\n\t<meta name=\"twitter:data1\" content=\"7 minutes\" \/>\n<script type=\"application\/ld+json\" class=\"yoast-schema-graph\">{\"@context\":\"https:\/\/schema.org\",\"@graph\":[{\"@type\":\"Organization\",\"@id\":\"https:\/\/www.zonesecurity.no\/update-me\/#organization\",\"name\":\"Zone security\",\"url\":\"https:\/\/www.zonesecurity.no\/update-me\/\",\"sameAs\":[],\"logo\":{\"@type\":\"ImageObject\",\"@id\":\"https:\/\/www.zonesecurity.no\/update-me\/#logo\",\"inLanguage\":\"en-US\",\"url\":\"https:\/\/www.zonesecurity.no\/update-me\/wp-content\/uploads\/2018\/02\/download.png\",\"contentUrl\":\"https:\/\/www.zonesecurity.no\/update-me\/wp-content\/uploads\/2018\/02\/download.png\",\"width\":266,\"height\":190,\"caption\":\"Zone security\"},\"image\":{\"@id\":\"https:\/\/www.zonesecurity.no\/update-me\/#logo\"}},{\"@type\":\"WebSite\",\"@id\":\"https:\/\/www.zonesecurity.no\/update-me\/#website\",\"url\":\"https:\/\/www.zonesecurity.no\/update-me\/\",\"name\":\"Zone Security\",\"description\":\"Sikkerhetsselskap i Norge\",\"publisher\":{\"@id\":\"https:\/\/www.zonesecurity.no\/update-me\/#organization\"},\"potentialAction\":[{\"@type\":\"SearchAction\",\"target\":{\"@type\":\"EntryPoint\",\"urlTemplate\":\"https:\/\/www.zonesecurity.no\/update-me\/?s={search_term_string}\"},\"query-input\":\"required name=search_term_string\"}],\"inLanguage\":\"en-US\"},{\"@type\":\"WebPage\",\"@id\":\"https:\/\/www.zonesecurity.no\/update-me\/vare-tjenester\/#webpage\",\"url\":\"https:\/\/www.zonesecurity.no\/update-me\/vare-tjenester\/\",\"name\":\"V\\u00e5re tjenester - Zone Security\",\"isPartOf\":{\"@id\":\"https:\/\/www.zonesecurity.no\/update-me\/#website\"},\"datePublished\":\"2020-07-09T09:20:56+00:00\",\"dateModified\":\"2021-12-06T22:48:06+00:00\",\"breadcrumb\":{\"@id\":\"https:\/\/www.zonesecurity.no\/update-me\/vare-tjenester\/#breadcrumb\"},\"inLanguage\":\"en-US\",\"potentialAction\":[{\"@type\":\"ReadAction\",\"target\":[\"https:\/\/www.zonesecurity.no\/update-me\/vare-tjenester\/\"]}]},{\"@type\":\"BreadcrumbList\",\"@id\":\"https:\/\/www.zonesecurity.no\/update-me\/vare-tjenester\/#breadcrumb\",\"itemListElement\":[{\"@type\":\"ListItem\",\"position\":1,\"name\":\"Home\",\"item\":\"https:\/\/www.zonesecurity.no\/update-me\/\"},{\"@type\":\"ListItem\",\"position\":2,\"name\":\"V\\u00e5re tjenester\"}]}]}<\/script>\n<!-- \/ Yoast SEO plugin. -->","yoast_head_json":{"title":"V\u00e5re tjenester - Zone Security","robots":{"index":"index","follow":"follow","max-snippet":"max-snippet:-1","max-image-preview":"max-image-preview:large","max-video-preview":"max-video-preview:-1"},"canonical":"https:\/\/www.zonesecurity.no\/update-me\/vare-tjenester\/","og_locale":"en_US","og_type":"article","og_title":"V\u00e5re tjenester - Zone Security","og_description":"[vc_row css=&#8221;.vc_custom_1633429227959{padding-top: 40px !important;padding-bottom: 0px !important;}&#8221; el_class=&#8221;services&#8221;][vc_column css=&#8221;.vc_custom_1594126962319{padding-top: 0px !important;}&#8221;][vc_custom_heading text=&#8221;V\u00e5re tjenester&#8221; font_container=&#8221;tag:h2|text_align:center&#8221; use_theme_fonts=&#8221;yes&#8221; css=&#8221;.vc_custom_1594126894810{margin-bottom: 4px !important;}&#8221;][vc_separator color=&#8221;custom&#8221; border_width=&#8221;3&#8243; el_width=&#8221;20&#8243;...","og_url":"https:\/\/www.zonesecurity.no\/update-me\/vare-tjenester\/","og_site_name":"Zone Security","article_modified_time":"2021-12-06T22:48:06+00:00","twitter_card":"summary_large_image","twitter_misc":{"Est. reading time":"7 minutes"},"schema":{"@context":"https:\/\/schema.org","@graph":[{"@type":"Organization","@id":"https:\/\/www.zonesecurity.no\/update-me\/#organization","name":"Zone security","url":"https:\/\/www.zonesecurity.no\/update-me\/","sameAs":[],"logo":{"@type":"ImageObject","@id":"https:\/\/www.zonesecurity.no\/update-me\/#logo","inLanguage":"en-US","url":"https:\/\/www.zonesecurity.no\/update-me\/wp-content\/uploads\/2018\/02\/download.png","contentUrl":"https:\/\/www.zonesecurity.no\/update-me\/wp-content\/uploads\/2018\/02\/download.png","width":266,"height":190,"caption":"Zone security"},"image":{"@id":"https:\/\/www.zonesecurity.no\/update-me\/#logo"}},{"@type":"WebSite","@id":"https:\/\/www.zonesecurity.no\/update-me\/#website","url":"https:\/\/www.zonesecurity.no\/update-me\/","name":"Zone Security","description":"Sikkerhetsselskap i Norge","publisher":{"@id":"https:\/\/www.zonesecurity.no\/update-me\/#organization"},"potentialAction":[{"@type":"SearchAction","target":{"@type":"EntryPoint","urlTemplate":"https:\/\/www.zonesecurity.no\/update-me\/?s={search_term_string}"},"query-input":"required name=search_term_string"}],"inLanguage":"en-US"},{"@type":"WebPage","@id":"https:\/\/www.zonesecurity.no\/update-me\/vare-tjenester\/#webpage","url":"https:\/\/www.zonesecurity.no\/update-me\/vare-tjenester\/","name":"V\u00e5re tjenester - Zone Security","isPartOf":{"@id":"https:\/\/www.zonesecurity.no\/update-me\/#website"},"datePublished":"2020-07-09T09:20:56+00:00","dateModified":"2021-12-06T22:48:06+00:00","breadcrumb":{"@id":"https:\/\/www.zonesecurity.no\/update-me\/vare-tjenester\/#breadcrumb"},"inLanguage":"en-US","potentialAction":[{"@type":"ReadAction","target":["https:\/\/www.zonesecurity.no\/update-me\/vare-tjenester\/"]}]},{"@type":"BreadcrumbList","@id":"https:\/\/www.zonesecurity.no\/update-me\/vare-tjenester\/#breadcrumb","itemListElement":[{"@type":"ListItem","position":1,"name":"Home","item":"https:\/\/www.zonesecurity.no\/update-me\/"},{"@type":"ListItem","position":2,"name":"V\u00e5re tjenester"}]}]}},"_links":{"self":[{"href":"https:\/\/www.zonesecurity.no\/update-me\/wp-json\/wp\/v2\/pages\/18687"}],"collection":[{"href":"https:\/\/www.zonesecurity.no\/update-me\/wp-json\/wp\/v2\/pages"}],"about":[{"href":"https:\/\/www.zonesecurity.no\/update-me\/wp-json\/wp\/v2\/types\/page"}],"author":[{"embeddable":true,"href":"https:\/\/www.zonesecurity.no\/update-me\/wp-json\/wp\/v2\/users\/1"}],"replies":[{"embeddable":true,"href":"https:\/\/www.zonesecurity.no\/update-me\/wp-json\/wp\/v2\/comments?post=18687"}],"version-history":[{"count":35,"href":"https:\/\/www.zonesecurity.no\/update-me\/wp-json\/wp\/v2\/pages\/18687\/revisions"}],"predecessor-version":[{"id":19465,"href":"https:\/\/www.zonesecurity.no\/update-me\/wp-json\/wp\/v2\/pages\/18687\/revisions\/19465"}],"wp:attachment":[{"href":"https:\/\/www.zonesecurity.no\/update-me\/wp-json\/wp\/v2\/media?parent=18687"}],"curies":[{"name":"wp","href":"https:\/\/api.w.org\/{rel}","templated":true}]}}