{"id":18701,"date":"2020-07-09T11:19:30","date_gmt":"2020-07-09T11:19:30","guid":{"rendered":"https:\/\/www.zonesecurity.no\/update-me\/?page_id=18701"},"modified":"2021-12-03T06:19:01","modified_gmt":"2021-12-03T05:19:01","slug":"vektertjenester","status":"publish","type":"page","link":"https:\/\/www.zonesecurity.no\/update-me\/vektertjenester\/","title":{"rendered":"Vektertjenester"},"content":{"rendered":"[vc_row css=&#8221;.vc_custom_1596201728552{padding-top: 40px !important;padding-bottom: 10px !important;}&#8221;][vc_column css=&#8221;.vc_custom_1594221885631{padding-top: 0px !important;}&#8221;][vc_row_inner][vc_column_inner width=&#8221;2\/3&#8243;][vc_single_image image=&#8221;19047&#8243; img_size=&#8221;large&#8221; alignment=&#8221;center&#8221;][vc_custom_heading text=&#8221;Vektertjenester&#8221; font_container=&#8221;tag:h1|font_size:30|text_align:left&#8221; use_theme_fonts=&#8221;yes&#8221;][vc_column_text]\r\n<p style=\"text-align: left;\">Zone security sikrer eiendom, omd\u00f8mme og drift. V\u00e5re vektere og ansatte s\u00f8rger for at kundens sikkerhetsanlegg betjenes profesjonelt og vi bes\u00f8rger behovsrelatert assistanse. I Zone security er vi bevisst v\u00e5r representative rolle for deg som kunde og vi jobber alltid for \u00e5 styrke kundens service- og sikkerhetsprofil. Zone security s\u00f8rger for:<\/p>\r\n\r\n<ul>\r\n \t<li style=\"text-align: left;\">Alarm- og kameraoverv\u00e5king<\/li>\r\n \t<li style=\"text-align: left;\">Kortproduksjon<\/li>\r\n \t<li style=\"text-align: left;\">Observere, rapportere og informere<\/li>\r\n \t<li style=\"text-align: left;\">Skadestedsledelse<\/li>\r\n \t<li style=\"text-align: left;\">Streifrunder<\/li>\r\n \t<li style=\"text-align: left;\">HMS<\/li>\r\n \t<li style=\"text-align: left;\">Brannvern<\/li>\r\n<\/ul>\r\n[\/vc_column_text][\/vc_column_inner][vc_column_inner el_class=&#8221;sidebar-right&#8221; width=&#8221;1\/3&#8243; css=&#8221;.vc_custom_1634125018402{padding-top: 0px !important;}&#8221;][vc_widget_sidebar sidebar_id=&#8221;page-sidebar&#8221;][\/vc_column_inner][\/vc_row_inner][\/vc_column][\/vc_row]","protected":false},"excerpt":{"rendered":"<p>[vc_row css=&#8221;.vc_custom_1596201728552{padding-top: 40px !important;padding-bottom: 10px !important;}&#8221;][vc_column css=&#8221;.vc_custom_1594221885631{padding-top: 0px !important;}&#8221;][vc_row_inner][vc_column_inner width=&#8221;2\/3&#8243;][vc_single_image image=&#8221;19047&#8243; img_size=&#8221;large&#8221; alignment=&#8221;center&#8221;][vc_custom_heading text=&#8221;Vektertjenester&#8221; font_container=&#8221;tag:h1|font_size:30|text_align:left&#8221; use_theme_fonts=&#8221;yes&#8221;][vc_column_text] Zone security sikrer eiendom,&#8230;<\/p>\n","protected":false},"author":1,"featured_media":0,"parent":0,"menu_order":0,"comment_status":"closed","ping_status":"closed","template":"","meta":[],"yoast_head":"<!-- This site is optimized with the Yoast SEO plugin v17.7.1 - https:\/\/yoast.com\/wordpress\/plugins\/seo\/ -->\n<title>Vektertjenester - Zone Security<\/title>\n<meta name=\"robots\" content=\"index, follow, max-snippet:-1, max-image-preview:large, max-video-preview:-1\" \/>\n<link rel=\"canonical\" href=\"https:\/\/www.zonesecurity.no\/update-me\/vektertjenester\/\" \/>\n<meta property=\"og:locale\" content=\"en_US\" \/>\n<meta property=\"og:type\" content=\"article\" \/>\n<meta property=\"og:title\" content=\"Vektertjenester - Zone Security\" \/>\n<meta property=\"og:description\" content=\"[vc_row css=&#8221;.vc_custom_1596201728552{padding-top: 40px !important;padding-bottom: 10px !important;}&#8221;][vc_column css=&#8221;.vc_custom_1594221885631{padding-top: 0px !important;}&#8221;][vc_row_inner][vc_column_inner width=&#8221;2\/3&#8243;][vc_single_image image=&#8221;19047&#8243; img_size=&#8221;large&#8221; alignment=&#8221;center&#8221;][vc_custom_heading text=&#8221;Vektertjenester&#8221; font_container=&#8221;tag:h1|font_size:30|text_align:left&#8221; use_theme_fonts=&#8221;yes&#8221;][vc_column_text] Zone security sikrer eiendom,...\" \/>\n<meta property=\"og:url\" content=\"https:\/\/www.zonesecurity.no\/update-me\/vektertjenester\/\" \/>\n<meta property=\"og:site_name\" content=\"Zone Security\" \/>\n<meta property=\"article:modified_time\" content=\"2021-12-03T05:19:01+00:00\" \/>\n<meta name=\"twitter:card\" content=\"summary_large_image\" \/>\n<meta name=\"twitter:label1\" content=\"Est. reading time\" \/>\n\t<meta name=\"twitter:data1\" content=\"1 minute\" \/>\n<script type=\"application\/ld+json\" class=\"yoast-schema-graph\">{\"@context\":\"https:\/\/schema.org\",\"@graph\":[{\"@type\":\"Organization\",\"@id\":\"https:\/\/www.zonesecurity.no\/update-me\/#organization\",\"name\":\"Zone security\",\"url\":\"https:\/\/www.zonesecurity.no\/update-me\/\",\"sameAs\":[],\"logo\":{\"@type\":\"ImageObject\",\"@id\":\"https:\/\/www.zonesecurity.no\/update-me\/#logo\",\"inLanguage\":\"en-US\",\"url\":\"https:\/\/www.zonesecurity.no\/update-me\/wp-content\/uploads\/2018\/02\/download.png\",\"contentUrl\":\"https:\/\/www.zonesecurity.no\/update-me\/wp-content\/uploads\/2018\/02\/download.png\",\"width\":266,\"height\":190,\"caption\":\"Zone security\"},\"image\":{\"@id\":\"https:\/\/www.zonesecurity.no\/update-me\/#logo\"}},{\"@type\":\"WebSite\",\"@id\":\"https:\/\/www.zonesecurity.no\/update-me\/#website\",\"url\":\"https:\/\/www.zonesecurity.no\/update-me\/\",\"name\":\"Zone Security\",\"description\":\"Sikkerhetsselskap i Norge\",\"publisher\":{\"@id\":\"https:\/\/www.zonesecurity.no\/update-me\/#organization\"},\"potentialAction\":[{\"@type\":\"SearchAction\",\"target\":{\"@type\":\"EntryPoint\",\"urlTemplate\":\"https:\/\/www.zonesecurity.no\/update-me\/?s={search_term_string}\"},\"query-input\":\"required name=search_term_string\"}],\"inLanguage\":\"en-US\"},{\"@type\":\"WebPage\",\"@id\":\"https:\/\/www.zonesecurity.no\/update-me\/vektertjenester\/#webpage\",\"url\":\"https:\/\/www.zonesecurity.no\/update-me\/vektertjenester\/\",\"name\":\"Vektertjenester - Zone Security\",\"isPartOf\":{\"@id\":\"https:\/\/www.zonesecurity.no\/update-me\/#website\"},\"datePublished\":\"2020-07-09T11:19:30+00:00\",\"dateModified\":\"2021-12-03T05:19:01+00:00\",\"breadcrumb\":{\"@id\":\"https:\/\/www.zonesecurity.no\/update-me\/vektertjenester\/#breadcrumb\"},\"inLanguage\":\"en-US\",\"potentialAction\":[{\"@type\":\"ReadAction\",\"target\":[\"https:\/\/www.zonesecurity.no\/update-me\/vektertjenester\/\"]}]},{\"@type\":\"BreadcrumbList\",\"@id\":\"https:\/\/www.zonesecurity.no\/update-me\/vektertjenester\/#breadcrumb\",\"itemListElement\":[{\"@type\":\"ListItem\",\"position\":1,\"name\":\"Home\",\"item\":\"https:\/\/www.zonesecurity.no\/update-me\/\"},{\"@type\":\"ListItem\",\"position\":2,\"name\":\"Vektertjenester\"}]}]}<\/script>\n<!-- \/ Yoast SEO plugin. -->","yoast_head_json":{"title":"Vektertjenester - Zone Security","robots":{"index":"index","follow":"follow","max-snippet":"max-snippet:-1","max-image-preview":"max-image-preview:large","max-video-preview":"max-video-preview:-1"},"canonical":"https:\/\/www.zonesecurity.no\/update-me\/vektertjenester\/","og_locale":"en_US","og_type":"article","og_title":"Vektertjenester - Zone Security","og_description":"[vc_row css=&#8221;.vc_custom_1596201728552{padding-top: 40px !important;padding-bottom: 10px !important;}&#8221;][vc_column css=&#8221;.vc_custom_1594221885631{padding-top: 0px !important;}&#8221;][vc_row_inner][vc_column_inner width=&#8221;2\/3&#8243;][vc_single_image image=&#8221;19047&#8243; img_size=&#8221;large&#8221; alignment=&#8221;center&#8221;][vc_custom_heading text=&#8221;Vektertjenester&#8221; font_container=&#8221;tag:h1|font_size:30|text_align:left&#8221; use_theme_fonts=&#8221;yes&#8221;][vc_column_text] Zone security sikrer eiendom,...","og_url":"https:\/\/www.zonesecurity.no\/update-me\/vektertjenester\/","og_site_name":"Zone Security","article_modified_time":"2021-12-03T05:19:01+00:00","twitter_card":"summary_large_image","twitter_misc":{"Est. reading time":"1 minute"},"schema":{"@context":"https:\/\/schema.org","@graph":[{"@type":"Organization","@id":"https:\/\/www.zonesecurity.no\/update-me\/#organization","name":"Zone security","url":"https:\/\/www.zonesecurity.no\/update-me\/","sameAs":[],"logo":{"@type":"ImageObject","@id":"https:\/\/www.zonesecurity.no\/update-me\/#logo","inLanguage":"en-US","url":"https:\/\/www.zonesecurity.no\/update-me\/wp-content\/uploads\/2018\/02\/download.png","contentUrl":"https:\/\/www.zonesecurity.no\/update-me\/wp-content\/uploads\/2018\/02\/download.png","width":266,"height":190,"caption":"Zone security"},"image":{"@id":"https:\/\/www.zonesecurity.no\/update-me\/#logo"}},{"@type":"WebSite","@id":"https:\/\/www.zonesecurity.no\/update-me\/#website","url":"https:\/\/www.zonesecurity.no\/update-me\/","name":"Zone Security","description":"Sikkerhetsselskap i Norge","publisher":{"@id":"https:\/\/www.zonesecurity.no\/update-me\/#organization"},"potentialAction":[{"@type":"SearchAction","target":{"@type":"EntryPoint","urlTemplate":"https:\/\/www.zonesecurity.no\/update-me\/?s={search_term_string}"},"query-input":"required name=search_term_string"}],"inLanguage":"en-US"},{"@type":"WebPage","@id":"https:\/\/www.zonesecurity.no\/update-me\/vektertjenester\/#webpage","url":"https:\/\/www.zonesecurity.no\/update-me\/vektertjenester\/","name":"Vektertjenester - Zone Security","isPartOf":{"@id":"https:\/\/www.zonesecurity.no\/update-me\/#website"},"datePublished":"2020-07-09T11:19:30+00:00","dateModified":"2021-12-03T05:19:01+00:00","breadcrumb":{"@id":"https:\/\/www.zonesecurity.no\/update-me\/vektertjenester\/#breadcrumb"},"inLanguage":"en-US","potentialAction":[{"@type":"ReadAction","target":["https:\/\/www.zonesecurity.no\/update-me\/vektertjenester\/"]}]},{"@type":"BreadcrumbList","@id":"https:\/\/www.zonesecurity.no\/update-me\/vektertjenester\/#breadcrumb","itemListElement":[{"@type":"ListItem","position":1,"name":"Home","item":"https:\/\/www.zonesecurity.no\/update-me\/"},{"@type":"ListItem","position":2,"name":"Vektertjenester"}]}]}},"_links":{"self":[{"href":"https:\/\/www.zonesecurity.no\/update-me\/wp-json\/wp\/v2\/pages\/18701"}],"collection":[{"href":"https:\/\/www.zonesecurity.no\/update-me\/wp-json\/wp\/v2\/pages"}],"about":[{"href":"https:\/\/www.zonesecurity.no\/update-me\/wp-json\/wp\/v2\/types\/page"}],"author":[{"embeddable":true,"href":"https:\/\/www.zonesecurity.no\/update-me\/wp-json\/wp\/v2\/users\/1"}],"replies":[{"embeddable":true,"href":"https:\/\/www.zonesecurity.no\/update-me\/wp-json\/wp\/v2\/comments?post=18701"}],"version-history":[{"count":24,"href":"https:\/\/www.zonesecurity.no\/update-me\/wp-json\/wp\/v2\/pages\/18701\/revisions"}],"predecessor-version":[{"id":19107,"href":"https:\/\/www.zonesecurity.no\/update-me\/wp-json\/wp\/v2\/pages\/18701\/revisions\/19107"}],"wp:attachment":[{"href":"https:\/\/www.zonesecurity.no\/update-me\/wp-json\/wp\/v2\/media?parent=18701"}],"curies":[{"name":"wp","href":"https:\/\/api.w.org\/{rel}","templated":true}]}}