{"id":18713,"date":"2020-07-09T12:09:31","date_gmt":"2020-07-09T12:09:31","guid":{"rendered":"https:\/\/www.zonesecurity.no\/update-me\/?page_id=18713"},"modified":"2021-10-13T13:20:56","modified_gmt":"2021-10-13T13:20:56","slug":"transport","status":"publish","type":"page","link":"https:\/\/www.zonesecurity.no\/update-me\/transport\/","title":{"rendered":"Transport"},"content":{"rendered":"[vc_row css=&#8221;.vc_custom_1633435527716{padding-top: 40px !important;padding-bottom: 10px !important;}&#8221; el_class=&#8221;single-service-content&#8221;][vc_column css=&#8221;.vc_custom_1594221885631{padding-top: 0px !important;}&#8221;][vc_row_inner][vc_column_inner width=&#8221;2\/3&#8243;][vc_single_image image=&#8221;19061&#8243; img_size=&#8221;large&#8221; alignment=&#8221;center&#8221;][vc_custom_heading text=&#8221;Transport&#8221; font_container=&#8221;tag:h1|font_size:30|text_align:left&#8221; use_theme_fonts=&#8221;yes&#8221;][vc_column_text]\r\n<p style=\"text-align: left;\">For \u00e5 sikre b\u00e5de publikum og arrang\u00f8r best mulig helhetsopplevelse av et arrangement frakter vi publikum trygt til og fra arrangementet.<\/p>\r\n<p style=\"text-align: left;\">I forkant av arrangementet utarbeider vi publikumsprofiler og k\u00f8systemer og samordner dette med arrang\u00f8rer og offentlige etater. Under avviklingen av arrangementet bist\u00e5r vi billett\u00f8rer, organiserer k\u00f8, s\u00f8rger for skilting og sikrer struktur for \u00e5 ivareta sikkerheten i st\u00f8rre menneskemengder. Dette bes\u00f8rger at gode opplevelser blir ivaretatt helt fra publikum reiser til arrangementet og til de er trygt hjemme igjen.<\/p>\r\n[\/vc_column_text][\/vc_column_inner][vc_column_inner el_class=&#8221;sidebar-right&#8221; width=&#8221;1\/3&#8243; css=&#8221;.vc_custom_1634131113673{padding-top: 0px !important;}&#8221;][vc_widget_sidebar sidebar_id=&#8221;page-sidebar&#8221;][\/vc_column_inner][\/vc_row_inner][\/vc_column][\/vc_row]","protected":false},"excerpt":{"rendered":"<p>[vc_row css=&#8221;.vc_custom_1633435527716{padding-top: 40px !important;padding-bottom: 10px !important;}&#8221; el_class=&#8221;single-service-content&#8221;][vc_column css=&#8221;.vc_custom_1594221885631{padding-top: 0px !important;}&#8221;][vc_row_inner][vc_column_inner width=&#8221;2\/3&#8243;][vc_single_image image=&#8221;19061&#8243; img_size=&#8221;large&#8221; alignment=&#8221;center&#8221;][vc_custom_heading text=&#8221;Transport&#8221; font_container=&#8221;tag:h1|font_size:30|text_align:left&#8221; use_theme_fonts=&#8221;yes&#8221;][vc_column_text] For \u00e5 sikre&#8230;<\/p>\n","protected":false},"author":1,"featured_media":0,"parent":0,"menu_order":0,"comment_status":"closed","ping_status":"closed","template":"","meta":[],"yoast_head":"<!-- This site is optimized with the Yoast SEO plugin v17.7.1 - https:\/\/yoast.com\/wordpress\/plugins\/seo\/ -->\n<title>Transport - Zone Security<\/title>\n<meta name=\"robots\" content=\"index, follow, max-snippet:-1, max-image-preview:large, max-video-preview:-1\" \/>\n<link rel=\"canonical\" href=\"https:\/\/www.zonesecurity.no\/update-me\/transport\/\" \/>\n<meta property=\"og:locale\" content=\"en_US\" \/>\n<meta property=\"og:type\" content=\"article\" \/>\n<meta property=\"og:title\" content=\"Transport - Zone Security\" \/>\n<meta property=\"og:description\" content=\"[vc_row css=&#8221;.vc_custom_1633435527716{padding-top: 40px !important;padding-bottom: 10px !important;}&#8221; el_class=&#8221;single-service-content&#8221;][vc_column css=&#8221;.vc_custom_1594221885631{padding-top: 0px !important;}&#8221;][vc_row_inner][vc_column_inner width=&#8221;2\/3&#8243;][vc_single_image image=&#8221;19061&#8243; img_size=&#8221;large&#8221; alignment=&#8221;center&#8221;][vc_custom_heading text=&#8221;Transport&#8221; font_container=&#8221;tag:h1|font_size:30|text_align:left&#8221; use_theme_fonts=&#8221;yes&#8221;][vc_column_text] For \u00e5 sikre...\" \/>\n<meta property=\"og:url\" content=\"https:\/\/www.zonesecurity.no\/update-me\/transport\/\" \/>\n<meta property=\"og:site_name\" content=\"Zone Security\" \/>\n<meta property=\"article:modified_time\" content=\"2021-10-13T13:20:56+00:00\" \/>\n<meta name=\"twitter:card\" content=\"summary_large_image\" \/>\n<meta name=\"twitter:label1\" content=\"Est. reading time\" \/>\n\t<meta name=\"twitter:data1\" content=\"1 minute\" \/>\n<script type=\"application\/ld+json\" class=\"yoast-schema-graph\">{\"@context\":\"https:\/\/schema.org\",\"@graph\":[{\"@type\":\"Organization\",\"@id\":\"https:\/\/www.zonesecurity.no\/update-me\/#organization\",\"name\":\"Zone security\",\"url\":\"https:\/\/www.zonesecurity.no\/update-me\/\",\"sameAs\":[],\"logo\":{\"@type\":\"ImageObject\",\"@id\":\"https:\/\/www.zonesecurity.no\/update-me\/#logo\",\"inLanguage\":\"en-US\",\"url\":\"https:\/\/www.zonesecurity.no\/update-me\/wp-content\/uploads\/2018\/02\/download.png\",\"contentUrl\":\"https:\/\/www.zonesecurity.no\/update-me\/wp-content\/uploads\/2018\/02\/download.png\",\"width\":266,\"height\":190,\"caption\":\"Zone security\"},\"image\":{\"@id\":\"https:\/\/www.zonesecurity.no\/update-me\/#logo\"}},{\"@type\":\"WebSite\",\"@id\":\"https:\/\/www.zonesecurity.no\/update-me\/#website\",\"url\":\"https:\/\/www.zonesecurity.no\/update-me\/\",\"name\":\"Zone Security\",\"description\":\"Sikkerhetsselskap i Norge\",\"publisher\":{\"@id\":\"https:\/\/www.zonesecurity.no\/update-me\/#organization\"},\"potentialAction\":[{\"@type\":\"SearchAction\",\"target\":{\"@type\":\"EntryPoint\",\"urlTemplate\":\"https:\/\/www.zonesecurity.no\/update-me\/?s={search_term_string}\"},\"query-input\":\"required name=search_term_string\"}],\"inLanguage\":\"en-US\"},{\"@type\":\"WebPage\",\"@id\":\"https:\/\/www.zonesecurity.no\/update-me\/transport\/#webpage\",\"url\":\"https:\/\/www.zonesecurity.no\/update-me\/transport\/\",\"name\":\"Transport - Zone Security\",\"isPartOf\":{\"@id\":\"https:\/\/www.zonesecurity.no\/update-me\/#website\"},\"datePublished\":\"2020-07-09T12:09:31+00:00\",\"dateModified\":\"2021-10-13T13:20:56+00:00\",\"breadcrumb\":{\"@id\":\"https:\/\/www.zonesecurity.no\/update-me\/transport\/#breadcrumb\"},\"inLanguage\":\"en-US\",\"potentialAction\":[{\"@type\":\"ReadAction\",\"target\":[\"https:\/\/www.zonesecurity.no\/update-me\/transport\/\"]}]},{\"@type\":\"BreadcrumbList\",\"@id\":\"https:\/\/www.zonesecurity.no\/update-me\/transport\/#breadcrumb\",\"itemListElement\":[{\"@type\":\"ListItem\",\"position\":1,\"name\":\"Home\",\"item\":\"https:\/\/www.zonesecurity.no\/update-me\/\"},{\"@type\":\"ListItem\",\"position\":2,\"name\":\"Transport\"}]}]}<\/script>\n<!-- \/ Yoast SEO plugin. -->","yoast_head_json":{"title":"Transport - Zone Security","robots":{"index":"index","follow":"follow","max-snippet":"max-snippet:-1","max-image-preview":"max-image-preview:large","max-video-preview":"max-video-preview:-1"},"canonical":"https:\/\/www.zonesecurity.no\/update-me\/transport\/","og_locale":"en_US","og_type":"article","og_title":"Transport - Zone Security","og_description":"[vc_row css=&#8221;.vc_custom_1633435527716{padding-top: 40px !important;padding-bottom: 10px !important;}&#8221; el_class=&#8221;single-service-content&#8221;][vc_column css=&#8221;.vc_custom_1594221885631{padding-top: 0px !important;}&#8221;][vc_row_inner][vc_column_inner width=&#8221;2\/3&#8243;][vc_single_image image=&#8221;19061&#8243; img_size=&#8221;large&#8221; alignment=&#8221;center&#8221;][vc_custom_heading text=&#8221;Transport&#8221; font_container=&#8221;tag:h1|font_size:30|text_align:left&#8221; use_theme_fonts=&#8221;yes&#8221;][vc_column_text] For \u00e5 sikre...","og_url":"https:\/\/www.zonesecurity.no\/update-me\/transport\/","og_site_name":"Zone Security","article_modified_time":"2021-10-13T13:20:56+00:00","twitter_card":"summary_large_image","twitter_misc":{"Est. reading time":"1 minute"},"schema":{"@context":"https:\/\/schema.org","@graph":[{"@type":"Organization","@id":"https:\/\/www.zonesecurity.no\/update-me\/#organization","name":"Zone security","url":"https:\/\/www.zonesecurity.no\/update-me\/","sameAs":[],"logo":{"@type":"ImageObject","@id":"https:\/\/www.zonesecurity.no\/update-me\/#logo","inLanguage":"en-US","url":"https:\/\/www.zonesecurity.no\/update-me\/wp-content\/uploads\/2018\/02\/download.png","contentUrl":"https:\/\/www.zonesecurity.no\/update-me\/wp-content\/uploads\/2018\/02\/download.png","width":266,"height":190,"caption":"Zone security"},"image":{"@id":"https:\/\/www.zonesecurity.no\/update-me\/#logo"}},{"@type":"WebSite","@id":"https:\/\/www.zonesecurity.no\/update-me\/#website","url":"https:\/\/www.zonesecurity.no\/update-me\/","name":"Zone Security","description":"Sikkerhetsselskap i Norge","publisher":{"@id":"https:\/\/www.zonesecurity.no\/update-me\/#organization"},"potentialAction":[{"@type":"SearchAction","target":{"@type":"EntryPoint","urlTemplate":"https:\/\/www.zonesecurity.no\/update-me\/?s={search_term_string}"},"query-input":"required name=search_term_string"}],"inLanguage":"en-US"},{"@type":"WebPage","@id":"https:\/\/www.zonesecurity.no\/update-me\/transport\/#webpage","url":"https:\/\/www.zonesecurity.no\/update-me\/transport\/","name":"Transport - Zone Security","isPartOf":{"@id":"https:\/\/www.zonesecurity.no\/update-me\/#website"},"datePublished":"2020-07-09T12:09:31+00:00","dateModified":"2021-10-13T13:20:56+00:00","breadcrumb":{"@id":"https:\/\/www.zonesecurity.no\/update-me\/transport\/#breadcrumb"},"inLanguage":"en-US","potentialAction":[{"@type":"ReadAction","target":["https:\/\/www.zonesecurity.no\/update-me\/transport\/"]}]},{"@type":"BreadcrumbList","@id":"https:\/\/www.zonesecurity.no\/update-me\/transport\/#breadcrumb","itemListElement":[{"@type":"ListItem","position":1,"name":"Home","item":"https:\/\/www.zonesecurity.no\/update-me\/"},{"@type":"ListItem","position":2,"name":"Transport"}]}]}},"_links":{"self":[{"href":"https:\/\/www.zonesecurity.no\/update-me\/wp-json\/wp\/v2\/pages\/18713"}],"collection":[{"href":"https:\/\/www.zonesecurity.no\/update-me\/wp-json\/wp\/v2\/pages"}],"about":[{"href":"https:\/\/www.zonesecurity.no\/update-me\/wp-json\/wp\/v2\/types\/page"}],"author":[{"embeddable":true,"href":"https:\/\/www.zonesecurity.no\/update-me\/wp-json\/wp\/v2\/users\/1"}],"replies":[{"embeddable":true,"href":"https:\/\/www.zonesecurity.no\/update-me\/wp-json\/wp\/v2\/comments?post=18713"}],"version-history":[{"count":12,"href":"https:\/\/www.zonesecurity.no\/update-me\/wp-json\/wp\/v2\/pages\/18713\/revisions"}],"predecessor-version":[{"id":19112,"href":"https:\/\/www.zonesecurity.no\/update-me\/wp-json\/wp\/v2\/pages\/18713\/revisions\/19112"}],"wp:attachment":[{"href":"https:\/\/www.zonesecurity.no\/update-me\/wp-json\/wp\/v2\/media?parent=18713"}],"curies":[{"name":"wp","href":"https:\/\/api.w.org\/{rel}","templated":true}]}}