{"id":19323,"date":"2021-11-08T12:06:37","date_gmt":"2021-11-08T12:06:37","guid":{"rendered":"https:\/\/www.zonesecurity.no\/update-me\/?page_id=19323"},"modified":"2021-12-06T18:45:47","modified_gmt":"2021-12-06T17:45:47","slug":"omradekontroll","status":"publish","type":"page","link":"https:\/\/www.zonesecurity.no\/update-me\/omradekontroll\/","title":{"rendered":"Omr\u00e5dekontroll"},"content":{"rendered":"[vc_row css=&#8221;.vc_custom_1596202201287{padding-top: 40px !important;padding-bottom: 10px !important;}&#8221;][vc_column css=&#8221;.vc_custom_1594221885631{padding-top: 0px !important;}&#8221;][vc_row_inner][vc_column_inner width=&#8221;2\/3&#8243;][vc_single_image image=&#8221;19345&#8243; img_size=&#8221;large&#8221; alignment=&#8221;center&#8221;][vc_custom_heading text=&#8221;Omr\u00e5dekontroll&#8221; font_container=&#8221;tag:h1|font_size:30|text_align:left&#8221; use_theme_fonts=&#8221;yes&#8221;][vc_column_text]<span style=\"font-weight: 400;\">V\u00e5re vektere er deres representant og skal s\u00f8rge for trygghet for alle i det gitte geografiske omr\u00e5det.\u00a0<\/span>\r\n\r\n<span style=\"font-weight: 400;\">V\u00e5re ansatte er kurset i HMS og konflikth\u00e5ndtering og skal s\u00f8rge for at alle som er i omr\u00e5de skal f\u00e5 trygghet. Synlighet er viktig for \u00e5 forebygge trusler, ran, vold og sikkerheten skal utf\u00f8res p\u00e5 en ryddig, profesjonell og ikke diskriminerende m\u00e5te.\u00a0<\/span>\r\n\r\n<span style=\"font-weight: 400;\">V\u00e5re ansatte skal ogs\u00e5 s\u00f8rge for at publikum og bes\u00f8kende til samarbeidspartnere f\u00e5r en god opplevelse og hjelp n\u00e5r det trengs.\u00a0<\/span>\r\n\r\n<span style=\"font-weight: 400;\">Zone Security s\u00f8rger for:<\/span>\r\n<ul>\r\n \t<li style=\"font-weight: 400;\" aria-level=\"1\"><span style=\"font-weight: 400;\">H\u00e5ndtere f\u00f8rstehjelpssituasjoner<\/span><\/li>\r\n \t<li style=\"font-weight: 400;\" aria-level=\"1\"><span style=\"font-weight: 400;\">Veilede publikum og bes\u00f8kende<\/span><\/li>\r\n \t<li style=\"font-weight: 400;\" aria-level=\"1\"><span style=\"font-weight: 400;\">Kontrollrunder<\/span><\/li>\r\n \t<li style=\"font-weight: 400;\" aria-level=\"1\"><span style=\"font-weight: 400;\">Sikkerhetsrutiner\u00a0<\/span><\/li>\r\n \t<li style=\"font-weight: 400;\" aria-level=\"1\"><span style=\"font-weight: 400;\">God rapportering ved avvik og hendelser<\/span><\/li>\r\n<\/ul>\r\n[\/vc_column_text][\/vc_column_inner][vc_column_inner el_class=&#8221;sidebar-right&#8221; width=&#8221;1\/3&#8243; css=&#8221;.vc_custom_1634125453430{padding-top: 0px !important;}&#8221;][vc_widget_sidebar sidebar_id=&#8221;page-sidebar&#8221;][\/vc_column_inner][\/vc_row_inner][\/vc_column][\/vc_row]","protected":false},"excerpt":{"rendered":"<p>[vc_row css=&#8221;.vc_custom_1596202201287{padding-top: 40px !important;padding-bottom: 10px !important;}&#8221;][vc_column css=&#8221;.vc_custom_1594221885631{padding-top: 0px !important;}&#8221;][vc_row_inner][vc_column_inner width=&#8221;2\/3&#8243;][vc_single_image image=&#8221;19345&#8243; img_size=&#8221;large&#8221; alignment=&#8221;center&#8221;][vc_custom_heading text=&#8221;Omr\u00e5dekontroll&#8221; font_container=&#8221;tag:h1|font_size:30|text_align:left&#8221; use_theme_fonts=&#8221;yes&#8221;][vc_column_text]V\u00e5re vektere er deres representant&#8230;<\/p>\n","protected":false},"author":1,"featured_media":0,"parent":0,"menu_order":0,"comment_status":"closed","ping_status":"closed","template":"","meta":[],"yoast_head":"<!-- This site is optimized with the Yoast SEO plugin v17.7.1 - https:\/\/yoast.com\/wordpress\/plugins\/seo\/ -->\n<title>Omr\u00e5dekontroll - Zone Security<\/title>\n<meta name=\"robots\" content=\"index, follow, max-snippet:-1, max-image-preview:large, max-video-preview:-1\" \/>\n<link rel=\"canonical\" href=\"https:\/\/www.zonesecurity.no\/update-me\/omradekontroll\/\" \/>\n<meta property=\"og:locale\" content=\"en_US\" \/>\n<meta property=\"og:type\" content=\"article\" \/>\n<meta property=\"og:title\" content=\"Omr\u00e5dekontroll - Zone Security\" \/>\n<meta property=\"og:description\" content=\"[vc_row css=&#8221;.vc_custom_1596202201287{padding-top: 40px !important;padding-bottom: 10px !important;}&#8221;][vc_column css=&#8221;.vc_custom_1594221885631{padding-top: 0px !important;}&#8221;][vc_row_inner][vc_column_inner width=&#8221;2\/3&#8243;][vc_single_image image=&#8221;19345&#8243; img_size=&#8221;large&#8221; alignment=&#8221;center&#8221;][vc_custom_heading text=&#8221;Omr\u00e5dekontroll&#8221; font_container=&#8221;tag:h1|font_size:30|text_align:left&#8221; use_theme_fonts=&#8221;yes&#8221;][vc_column_text]V\u00e5re vektere er deres representant...\" \/>\n<meta property=\"og:url\" content=\"https:\/\/www.zonesecurity.no\/update-me\/omradekontroll\/\" \/>\n<meta property=\"og:site_name\" content=\"Zone Security\" \/>\n<meta property=\"article:modified_time\" content=\"2021-12-06T17:45:47+00:00\" \/>\n<meta name=\"twitter:card\" content=\"summary_large_image\" \/>\n<meta name=\"twitter:label1\" content=\"Est. reading time\" \/>\n\t<meta name=\"twitter:data1\" content=\"1 minute\" \/>\n<script type=\"application\/ld+json\" class=\"yoast-schema-graph\">{\"@context\":\"https:\/\/schema.org\",\"@graph\":[{\"@type\":\"Organization\",\"@id\":\"https:\/\/www.zonesecurity.no\/update-me\/#organization\",\"name\":\"Zone security\",\"url\":\"https:\/\/www.zonesecurity.no\/update-me\/\",\"sameAs\":[],\"logo\":{\"@type\":\"ImageObject\",\"@id\":\"https:\/\/www.zonesecurity.no\/update-me\/#logo\",\"inLanguage\":\"en-US\",\"url\":\"https:\/\/www.zonesecurity.no\/update-me\/wp-content\/uploads\/2018\/02\/download.png\",\"contentUrl\":\"https:\/\/www.zonesecurity.no\/update-me\/wp-content\/uploads\/2018\/02\/download.png\",\"width\":266,\"height\":190,\"caption\":\"Zone security\"},\"image\":{\"@id\":\"https:\/\/www.zonesecurity.no\/update-me\/#logo\"}},{\"@type\":\"WebSite\",\"@id\":\"https:\/\/www.zonesecurity.no\/update-me\/#website\",\"url\":\"https:\/\/www.zonesecurity.no\/update-me\/\",\"name\":\"Zone Security\",\"description\":\"Sikkerhetsselskap i Norge\",\"publisher\":{\"@id\":\"https:\/\/www.zonesecurity.no\/update-me\/#organization\"},\"potentialAction\":[{\"@type\":\"SearchAction\",\"target\":{\"@type\":\"EntryPoint\",\"urlTemplate\":\"https:\/\/www.zonesecurity.no\/update-me\/?s={search_term_string}\"},\"query-input\":\"required name=search_term_string\"}],\"inLanguage\":\"en-US\"},{\"@type\":\"WebPage\",\"@id\":\"https:\/\/www.zonesecurity.no\/update-me\/omradekontroll\/#webpage\",\"url\":\"https:\/\/www.zonesecurity.no\/update-me\/omradekontroll\/\",\"name\":\"Omr\\u00e5dekontroll - Zone Security\",\"isPartOf\":{\"@id\":\"https:\/\/www.zonesecurity.no\/update-me\/#website\"},\"datePublished\":\"2021-11-08T12:06:37+00:00\",\"dateModified\":\"2021-12-06T17:45:47+00:00\",\"breadcrumb\":{\"@id\":\"https:\/\/www.zonesecurity.no\/update-me\/omradekontroll\/#breadcrumb\"},\"inLanguage\":\"en-US\",\"potentialAction\":[{\"@type\":\"ReadAction\",\"target\":[\"https:\/\/www.zonesecurity.no\/update-me\/omradekontroll\/\"]}]},{\"@type\":\"BreadcrumbList\",\"@id\":\"https:\/\/www.zonesecurity.no\/update-me\/omradekontroll\/#breadcrumb\",\"itemListElement\":[{\"@type\":\"ListItem\",\"position\":1,\"name\":\"Home\",\"item\":\"https:\/\/www.zonesecurity.no\/update-me\/\"},{\"@type\":\"ListItem\",\"position\":2,\"name\":\"Omr\\u00e5dekontroll\"}]}]}<\/script>\n<!-- \/ Yoast SEO plugin. -->","yoast_head_json":{"title":"Omr\u00e5dekontroll - Zone Security","robots":{"index":"index","follow":"follow","max-snippet":"max-snippet:-1","max-image-preview":"max-image-preview:large","max-video-preview":"max-video-preview:-1"},"canonical":"https:\/\/www.zonesecurity.no\/update-me\/omradekontroll\/","og_locale":"en_US","og_type":"article","og_title":"Omr\u00e5dekontroll - Zone Security","og_description":"[vc_row css=&#8221;.vc_custom_1596202201287{padding-top: 40px !important;padding-bottom: 10px !important;}&#8221;][vc_column css=&#8221;.vc_custom_1594221885631{padding-top: 0px !important;}&#8221;][vc_row_inner][vc_column_inner width=&#8221;2\/3&#8243;][vc_single_image image=&#8221;19345&#8243; img_size=&#8221;large&#8221; alignment=&#8221;center&#8221;][vc_custom_heading text=&#8221;Omr\u00e5dekontroll&#8221; font_container=&#8221;tag:h1|font_size:30|text_align:left&#8221; use_theme_fonts=&#8221;yes&#8221;][vc_column_text]V\u00e5re vektere er deres representant...","og_url":"https:\/\/www.zonesecurity.no\/update-me\/omradekontroll\/","og_site_name":"Zone Security","article_modified_time":"2021-12-06T17:45:47+00:00","twitter_card":"summary_large_image","twitter_misc":{"Est. reading time":"1 minute"},"schema":{"@context":"https:\/\/schema.org","@graph":[{"@type":"Organization","@id":"https:\/\/www.zonesecurity.no\/update-me\/#organization","name":"Zone security","url":"https:\/\/www.zonesecurity.no\/update-me\/","sameAs":[],"logo":{"@type":"ImageObject","@id":"https:\/\/www.zonesecurity.no\/update-me\/#logo","inLanguage":"en-US","url":"https:\/\/www.zonesecurity.no\/update-me\/wp-content\/uploads\/2018\/02\/download.png","contentUrl":"https:\/\/www.zonesecurity.no\/update-me\/wp-content\/uploads\/2018\/02\/download.png","width":266,"height":190,"caption":"Zone security"},"image":{"@id":"https:\/\/www.zonesecurity.no\/update-me\/#logo"}},{"@type":"WebSite","@id":"https:\/\/www.zonesecurity.no\/update-me\/#website","url":"https:\/\/www.zonesecurity.no\/update-me\/","name":"Zone Security","description":"Sikkerhetsselskap i Norge","publisher":{"@id":"https:\/\/www.zonesecurity.no\/update-me\/#organization"},"potentialAction":[{"@type":"SearchAction","target":{"@type":"EntryPoint","urlTemplate":"https:\/\/www.zonesecurity.no\/update-me\/?s={search_term_string}"},"query-input":"required name=search_term_string"}],"inLanguage":"en-US"},{"@type":"WebPage","@id":"https:\/\/www.zonesecurity.no\/update-me\/omradekontroll\/#webpage","url":"https:\/\/www.zonesecurity.no\/update-me\/omradekontroll\/","name":"Omr\u00e5dekontroll - Zone Security","isPartOf":{"@id":"https:\/\/www.zonesecurity.no\/update-me\/#website"},"datePublished":"2021-11-08T12:06:37+00:00","dateModified":"2021-12-06T17:45:47+00:00","breadcrumb":{"@id":"https:\/\/www.zonesecurity.no\/update-me\/omradekontroll\/#breadcrumb"},"inLanguage":"en-US","potentialAction":[{"@type":"ReadAction","target":["https:\/\/www.zonesecurity.no\/update-me\/omradekontroll\/"]}]},{"@type":"BreadcrumbList","@id":"https:\/\/www.zonesecurity.no\/update-me\/omradekontroll\/#breadcrumb","itemListElement":[{"@type":"ListItem","position":1,"name":"Home","item":"https:\/\/www.zonesecurity.no\/update-me\/"},{"@type":"ListItem","position":2,"name":"Omr\u00e5dekontroll"}]}]}},"_links":{"self":[{"href":"https:\/\/www.zonesecurity.no\/update-me\/wp-json\/wp\/v2\/pages\/19323"}],"collection":[{"href":"https:\/\/www.zonesecurity.no\/update-me\/wp-json\/wp\/v2\/pages"}],"about":[{"href":"https:\/\/www.zonesecurity.no\/update-me\/wp-json\/wp\/v2\/types\/page"}],"author":[{"embeddable":true,"href":"https:\/\/www.zonesecurity.no\/update-me\/wp-json\/wp\/v2\/users\/1"}],"replies":[{"embeddable":true,"href":"https:\/\/www.zonesecurity.no\/update-me\/wp-json\/wp\/v2\/comments?post=19323"}],"version-history":[{"count":6,"href":"https:\/\/www.zonesecurity.no\/update-me\/wp-json\/wp\/v2\/pages\/19323\/revisions"}],"predecessor-version":[{"id":19459,"href":"https:\/\/www.zonesecurity.no\/update-me\/wp-json\/wp\/v2\/pages\/19323\/revisions\/19459"}],"wp:attachment":[{"href":"https:\/\/www.zonesecurity.no\/update-me\/wp-json\/wp\/v2\/media?parent=19323"}],"curies":[{"name":"wp","href":"https:\/\/api.w.org\/{rel}","templated":true}]}}