{"id":19540,"date":"2022-10-06T09:28:12","date_gmt":"2022-10-06T07:28:12","guid":{"rendered":"https:\/\/www.zonesecurity.no\/update-me\/?page_id=19540"},"modified":"2022-10-06T11:11:28","modified_gmt":"2022-10-06T09:11:28","slug":"personvern","status":"publish","type":"page","link":"https:\/\/www.zonesecurity.no\/update-me\/personvern\/","title":{"rendered":"Personvern"},"content":{"rendered":"[vc_row css=&#8221;.vc_custom_1596201578267{padding-top: 40px !important;padding-bottom: 20px !important;}&#8221;][vc_column css=&#8221;.vc_custom_1594221885631{padding-top: 0px !important;}&#8221;][vc_row_inner][vc_column_inner css=&#8221;.vc_custom_1594221895280{padding-top: 0px !important;}&#8221;][vc_column_text]\r\n<h2 style=\"text-align: center;\">Erkl\u00e6ring om personvern av\r\nZone Security AS<\/h2>\r\n[\/vc_column_text][vc_column_text]\r\n<h3>Innledning<\/h3>\r\nZone Security AS tar personvern alvorlig og har i forbindelse med innf\u00f8ring av EUs forordning om personvern (GDPR) innf\u00f8rt nye retningslinjer for oppf\u00f8lging av personvern.\r\n<h3>Behandlingsansvarlig<\/h3>\r\nWaheed Ahmed er p\u00e5 vegne av Zone Security AS behandlingsansvarlig for selskapets behandling av personopplysninger.\r\n<h3>Personopplysninger som lagres<\/h3>\r\nVi lagrer f\u00f8lgende personopplysninger om v\u00e5re kunder og leverand\u00f8rer; Navn, stillingstittel, telefonnummer og e-postadresse.\r\n<h3>Form\u00e5l og grunnlag med behandlingen<\/h3>\r\nVi behandler opplysningene for \u00e5 kunne gjennomf\u00f8re v\u00e5re forpliktelser i henhold til v\u00e5r inng\u00e5ttebavtale. Grunnlaget for denne behandlingen er personvernforordningens artikkel Art 6 (b). Vi benytter ogs\u00e5 opplysningene for \u00e5 kunne gi deg informasjon, tilbud og service i forbindelse med kj\u00f8p eller leveranse via e-post, telefon, SMS og postutsendelser. Der du har samtykket til det benyttes ogs\u00e5 opplysningene til \u00e5 gi deg ytterligere informasjon, tilbud og service i forbindelse med v\u00e5re tjenester, dette formidles via e-post, telefon og SMS. Grunnlaget\r\nfor denne behandlingen er personvernforordningen Art 6 (a). Du kan n\u00e5r som helst takke nei til \u00e5 motta slik informasjon fra oss ved \u00e5 sende en mail til <a href=\"mailto:sabeena.ahmed@zonesecurity.no\">sabeena.ahmed@zonesecurity.no<\/a>\r\n<h3>Innhenting av personopplysninger<\/h3>\r\nP\u00e5 v\u00e5re nettsider innhenter vi navn og telefonnummer dersom du \u00f8nsker at vi skal kontakte deg. Dette fylles ut av den enkelte bruker i egne informasjonsfelt som kommer frem dersom du klikker p\u00e5 \u00abta kontakt\u00bb feltet. Vi bruker dette for \u00e5 gi deg som bes\u00f8ker v\u00e5re nettsider best mulig kundeopplevelse og service. Dette feltet sender kontaktdata via mailserver til v\u00e5r epost adresse\r\n(<a href=\"mailto:post@zonesecurity.no\">post@zonesecurity.no<\/a>) og lagrer ikke noen informasjon for senere bruk. Lov om elektronisk kommunikasjon krever at vi informerer v\u00e5re bes\u00f8kende om bruk av\r\ninformasjonskapsler. I likhet med mange andres nettsteder, bruker ogs\u00e5 Zonesecurity.no informasjonskapsler i Google Analytics for \u00e5 f\u00e5 en generell oversikt over antallet bes\u00f8k og vanene blant dem som bes\u00f8ker v\u00e5re nettsteder. \u00abInformasjonskapsler\u201d er sm\u00e5 biter av informasjon som\r\nsendes til din enhet og som lagres p\u00e5 din enhets harddisk for \u00e5 kunne gj\u00f8re det mulig for v\u00e5re nettsider \u00e5 oppdage det n\u00e5r du bes\u00f8ker oss. Det er mulig \u00e5 sl\u00e5 av informasjonskapsler ved \u00e5 stille inn dine preferanser mht. nettleser.\r\n<h3>Utlevering av opplysninger til tredjeparter<\/h3>\r\nFor \u00e5 kunne oppfylle v\u00e5re forpliktelser etter avtalen utleveres n\u00f8dvendige opplysninger kun til v\u00e5re samarbeidspartnere. Dette er Safe 4 (vaktsentral), Chromium (kundeoppf\u00f8lgingsverkt\u00f8y) og Kuba (HMS og kvalitetsverkt\u00f8y) Vi vil ikke dele, selge, overf\u00f8re eller p\u00e5 annen m\u00e5te utlevere personopplysninger til andre, med mindre vi er rettslig forpliktet til det. Vi deler ikke opplysninger til land utenfor EU\/E\u00d8S.\r\n<h3>Sletting av personopplysninger<\/h3>\r\nOpplysninger vi har mottatt i forbindelse med kj\u00f8p av tjenester\/leveranser lagres i v\u00e5rt kunde- og leverand\u00f8rregister s\u00e5 lenge vi har et aktivt samarbeid. Dersom samarbeidet opph\u00f8rer vil vi oppbevare opplysningene inntil 3,5 \u00e5r. Dette for \u00e5 ivareta n\u00f8dvendig sikkerhet rundt v\u00e5re tjenester,\r\nsamt n\u00f8dvendig egen sikkerhet. Opplysninger vi etter bokf\u00f8ringsloven er forpliktet til \u00e5 bevare vil lagres i inntil 5 \u00e5r, i henhold til lovens krav.\r\n<h3>Rettigheter for den registrerte<\/h3>\r\nVi behandler dine personopplysninger i henhold til personopplysningsloven og gjeldende forskrifter. Det gj\u00f8res oppmerksom p\u00e5 at du kan kreve innsyn i egne personopplysninger, samt kreve retting eller sletting av opplysninger. Foresp\u00f8rsm\u00e5l om sletting eller utlevering av data, skal komme fra\r\nkontaktperson hos avtalepart og sendes til personvernombudet. Det kan klages til Datatilsynet p\u00e5 behandling i strid med reglene.\r\n<h3>Personvernombud<\/h3>\r\nPersonvernombudsrollen ivaretas av HR leder som p\u00e5ser at personopplysningslovens regler om behandling av personopplysninger blir fulgt.\r\n<h3>Informasjonssikkerhet<\/h3>\r\nVi sikrer dine personopplysninger ved b\u00e5de fysisk og virtuell adgangs- og tilgangskontroll, samt ved kryptering av sensitive deler av avgitte opplysninger.\r\nZone Security AS vil ikke utlevere dokumentasjon uten et rettslig p\u00e5legg eller forpliktelse.\r\n<h3>Kontaktinformasjon<\/h3>\r\nHenvendelser om hvilke opplysninger som er registrert, retting og sletting kan sende skriftlig til f\u00f8lgende adresser: <a href=\"mailto:sabeena.ahmed@zonesecurity.no\">sabeena.ahmed@zonesecurity.no<\/a>\r\nZone Security AS, Wider\u00f8eveien 1, 1360 Fornebu[\/vc_column_text][\/vc_column_inner][\/vc_row_inner][\/vc_column][\/vc_row]","protected":false},"excerpt":{"rendered":"<p>[vc_row css=&#8221;.vc_custom_1596201578267{padding-top: 40px !important;padding-bottom: 20px !important;}&#8221;][vc_column css=&#8221;.vc_custom_1594221885631{padding-top: 0px !important;}&#8221;][vc_row_inner][vc_column_inner css=&#8221;.vc_custom_1594221895280{padding-top: 0px !important;}&#8221;][vc_column_text] Erkl\u00e6ring om personvern av Zone Security AS [\/vc_column_text][vc_column_text]&#8230;<\/p>\n","protected":false},"author":1,"featured_media":0,"parent":0,"menu_order":0,"comment_status":"closed","ping_status":"closed","template":"","meta":[],"yoast_head":"<!-- This site is optimized with the Yoast SEO plugin v17.7.1 - https:\/\/yoast.com\/wordpress\/plugins\/seo\/ -->\n<title>Personvern - Zone Security<\/title>\n<meta name=\"robots\" content=\"index, follow, max-snippet:-1, max-image-preview:large, max-video-preview:-1\" \/>\n<link rel=\"canonical\" href=\"https:\/\/www.zonesecurity.no\/update-me\/personvern\/\" \/>\n<meta property=\"og:locale\" content=\"en_US\" \/>\n<meta property=\"og:type\" content=\"article\" \/>\n<meta property=\"og:title\" content=\"Personvern - Zone Security\" \/>\n<meta property=\"og:description\" content=\"[vc_row css=&#8221;.vc_custom_1596201578267{padding-top: 40px !important;padding-bottom: 20px !important;}&#8221;][vc_column css=&#8221;.vc_custom_1594221885631{padding-top: 0px !important;}&#8221;][vc_row_inner][vc_column_inner css=&#8221;.vc_custom_1594221895280{padding-top: 0px !important;}&#8221;][vc_column_text] Erkl\u00e6ring om personvern av Zone Security AS [\/vc_column_text][vc_column_text]...\" \/>\n<meta property=\"og:url\" content=\"https:\/\/www.zonesecurity.no\/update-me\/personvern\/\" \/>\n<meta property=\"og:site_name\" content=\"Zone Security\" \/>\n<meta property=\"article:modified_time\" content=\"2022-10-06T09:11:28+00:00\" \/>\n<meta name=\"twitter:card\" content=\"summary_large_image\" \/>\n<meta name=\"twitter:label1\" content=\"Est. reading time\" \/>\n\t<meta name=\"twitter:data1\" content=\"3 minutes\" \/>\n<script type=\"application\/ld+json\" class=\"yoast-schema-graph\">{\"@context\":\"https:\/\/schema.org\",\"@graph\":[{\"@type\":\"Organization\",\"@id\":\"https:\/\/www.zonesecurity.no\/update-me\/#organization\",\"name\":\"Zone security\",\"url\":\"https:\/\/www.zonesecurity.no\/update-me\/\",\"sameAs\":[],\"logo\":{\"@type\":\"ImageObject\",\"@id\":\"https:\/\/www.zonesecurity.no\/update-me\/#logo\",\"inLanguage\":\"en-US\",\"url\":\"https:\/\/www.zonesecurity.no\/update-me\/wp-content\/uploads\/2018\/02\/download.png\",\"contentUrl\":\"https:\/\/www.zonesecurity.no\/update-me\/wp-content\/uploads\/2018\/02\/download.png\",\"width\":266,\"height\":190,\"caption\":\"Zone security\"},\"image\":{\"@id\":\"https:\/\/www.zonesecurity.no\/update-me\/#logo\"}},{\"@type\":\"WebSite\",\"@id\":\"https:\/\/www.zonesecurity.no\/update-me\/#website\",\"url\":\"https:\/\/www.zonesecurity.no\/update-me\/\",\"name\":\"Zone Security\",\"description\":\"Sikkerhetsselskap i Norge\",\"publisher\":{\"@id\":\"https:\/\/www.zonesecurity.no\/update-me\/#organization\"},\"potentialAction\":[{\"@type\":\"SearchAction\",\"target\":{\"@type\":\"EntryPoint\",\"urlTemplate\":\"https:\/\/www.zonesecurity.no\/update-me\/?s={search_term_string}\"},\"query-input\":\"required name=search_term_string\"}],\"inLanguage\":\"en-US\"},{\"@type\":\"WebPage\",\"@id\":\"https:\/\/www.zonesecurity.no\/update-me\/personvern\/#webpage\",\"url\":\"https:\/\/www.zonesecurity.no\/update-me\/personvern\/\",\"name\":\"Personvern - Zone Security\",\"isPartOf\":{\"@id\":\"https:\/\/www.zonesecurity.no\/update-me\/#website\"},\"datePublished\":\"2022-10-06T07:28:12+00:00\",\"dateModified\":\"2022-10-06T09:11:28+00:00\",\"breadcrumb\":{\"@id\":\"https:\/\/www.zonesecurity.no\/update-me\/personvern\/#breadcrumb\"},\"inLanguage\":\"en-US\",\"potentialAction\":[{\"@type\":\"ReadAction\",\"target\":[\"https:\/\/www.zonesecurity.no\/update-me\/personvern\/\"]}]},{\"@type\":\"BreadcrumbList\",\"@id\":\"https:\/\/www.zonesecurity.no\/update-me\/personvern\/#breadcrumb\",\"itemListElement\":[{\"@type\":\"ListItem\",\"position\":1,\"name\":\"Home\",\"item\":\"https:\/\/www.zonesecurity.no\/update-me\/\"},{\"@type\":\"ListItem\",\"position\":2,\"name\":\"Personvern\"}]}]}<\/script>\n<!-- \/ Yoast SEO plugin. -->","yoast_head_json":{"title":"Personvern - Zone Security","robots":{"index":"index","follow":"follow","max-snippet":"max-snippet:-1","max-image-preview":"max-image-preview:large","max-video-preview":"max-video-preview:-1"},"canonical":"https:\/\/www.zonesecurity.no\/update-me\/personvern\/","og_locale":"en_US","og_type":"article","og_title":"Personvern - Zone Security","og_description":"[vc_row css=&#8221;.vc_custom_1596201578267{padding-top: 40px !important;padding-bottom: 20px !important;}&#8221;][vc_column css=&#8221;.vc_custom_1594221885631{padding-top: 0px !important;}&#8221;][vc_row_inner][vc_column_inner css=&#8221;.vc_custom_1594221895280{padding-top: 0px !important;}&#8221;][vc_column_text] Erkl\u00e6ring om personvern av Zone Security AS [\/vc_column_text][vc_column_text]...","og_url":"https:\/\/www.zonesecurity.no\/update-me\/personvern\/","og_site_name":"Zone Security","article_modified_time":"2022-10-06T09:11:28+00:00","twitter_card":"summary_large_image","twitter_misc":{"Est. reading time":"3 minutes"},"schema":{"@context":"https:\/\/schema.org","@graph":[{"@type":"Organization","@id":"https:\/\/www.zonesecurity.no\/update-me\/#organization","name":"Zone security","url":"https:\/\/www.zonesecurity.no\/update-me\/","sameAs":[],"logo":{"@type":"ImageObject","@id":"https:\/\/www.zonesecurity.no\/update-me\/#logo","inLanguage":"en-US","url":"https:\/\/www.zonesecurity.no\/update-me\/wp-content\/uploads\/2018\/02\/download.png","contentUrl":"https:\/\/www.zonesecurity.no\/update-me\/wp-content\/uploads\/2018\/02\/download.png","width":266,"height":190,"caption":"Zone security"},"image":{"@id":"https:\/\/www.zonesecurity.no\/update-me\/#logo"}},{"@type":"WebSite","@id":"https:\/\/www.zonesecurity.no\/update-me\/#website","url":"https:\/\/www.zonesecurity.no\/update-me\/","name":"Zone Security","description":"Sikkerhetsselskap i Norge","publisher":{"@id":"https:\/\/www.zonesecurity.no\/update-me\/#organization"},"potentialAction":[{"@type":"SearchAction","target":{"@type":"EntryPoint","urlTemplate":"https:\/\/www.zonesecurity.no\/update-me\/?s={search_term_string}"},"query-input":"required name=search_term_string"}],"inLanguage":"en-US"},{"@type":"WebPage","@id":"https:\/\/www.zonesecurity.no\/update-me\/personvern\/#webpage","url":"https:\/\/www.zonesecurity.no\/update-me\/personvern\/","name":"Personvern - Zone Security","isPartOf":{"@id":"https:\/\/www.zonesecurity.no\/update-me\/#website"},"datePublished":"2022-10-06T07:28:12+00:00","dateModified":"2022-10-06T09:11:28+00:00","breadcrumb":{"@id":"https:\/\/www.zonesecurity.no\/update-me\/personvern\/#breadcrumb"},"inLanguage":"en-US","potentialAction":[{"@type":"ReadAction","target":["https:\/\/www.zonesecurity.no\/update-me\/personvern\/"]}]},{"@type":"BreadcrumbList","@id":"https:\/\/www.zonesecurity.no\/update-me\/personvern\/#breadcrumb","itemListElement":[{"@type":"ListItem","position":1,"name":"Home","item":"https:\/\/www.zonesecurity.no\/update-me\/"},{"@type":"ListItem","position":2,"name":"Personvern"}]}]}},"_links":{"self":[{"href":"https:\/\/www.zonesecurity.no\/update-me\/wp-json\/wp\/v2\/pages\/19540"}],"collection":[{"href":"https:\/\/www.zonesecurity.no\/update-me\/wp-json\/wp\/v2\/pages"}],"about":[{"href":"https:\/\/www.zonesecurity.no\/update-me\/wp-json\/wp\/v2\/types\/page"}],"author":[{"embeddable":true,"href":"https:\/\/www.zonesecurity.no\/update-me\/wp-json\/wp\/v2\/users\/1"}],"replies":[{"embeddable":true,"href":"https:\/\/www.zonesecurity.no\/update-me\/wp-json\/wp\/v2\/comments?post=19540"}],"version-history":[{"count":12,"href":"https:\/\/www.zonesecurity.no\/update-me\/wp-json\/wp\/v2\/pages\/19540\/revisions"}],"predecessor-version":[{"id":19556,"href":"https:\/\/www.zonesecurity.no\/update-me\/wp-json\/wp\/v2\/pages\/19540\/revisions\/19556"}],"wp:attachment":[{"href":"https:\/\/www.zonesecurity.no\/update-me\/wp-json\/wp\/v2\/media?parent=19540"}],"curies":[{"name":"wp","href":"https:\/\/api.w.org\/{rel}","templated":true}]}}